{"id":203,"date":"2016-06-20T08:59:34","date_gmt":"2016-06-20T08:59:34","guid":{"rendered":"http:\/\/sw-themes.com\/porto_dummy\/?page_id=203"},"modified":"2021-11-19T23:40:25","modified_gmt":"2021-11-19T23:40:25","slug":"sitemap","status":"publish","type":"page","link":"https:\/\/istarskiprsut.hr\/de\/sitemap\/","title":{"rendered":"Seitenverzeichnis"},"content":{"rendered":"<div class=\"wpb-content-wrapper\"><p>[vc_row][vc_column][vc_custom_heading source=&#8221;post_title&#8221; use_theme_fonts=&#8221;yes&#8221; el_class=&#8221;m-b-md&#8221;][vc_column_text]<div class=\"aioseo-html-sitemap\"><style>.aioseo-html-sitemap.labels-hidden ul { margin: 0; }<\/style><div class=\"aioseo-html-post-sitemap\"><h4>Beitr\u00e4ge<\/h4><ul><li><a href=\"https:\/\/istarskiprsut.hr\/de\/2020\/01\/19\/povratak-tradiciji-eksperimentalno-dozrijevanje-prsuta-u-vinskom-podrumu\/\" >Eksperimentalno dozrijevanje pr\u0161uta u vinskom podrumu<\/a><\/li><li><a href=\"https:\/\/istarskiprsut.hr\/de\/2020\/05\/22\/nijemci-nagradili-istarski-prsut-jelenic\/\" >Nijemci nagradili istarski pr\u0161ut Pr\u0161utane Jeleni\u0107<\/a><\/li><li><a href=\"https:\/\/istarskiprsut.hr\/de\/2022\/01\/12\/o-nasim-buducim-planovima\/\" >O na\u0161im budu\u0107im planovima&#8230;<\/a><\/li><li><a href=\"https:\/\/istarskiprsut.hr\/de\/2021\/02\/01\/paolo-jelenic-novi-je-predsjednik-udruge-proizvodaca-istarskog-prsuta\/\" >Paolo Jeleni\u0107 novi je predsjednik udruge proizvo\u0111a\u010da istarskog pr\u0161uta<\/a><\/li><li><a href=\"https:\/\/istarskiprsut.hr\/de\/2021\/04\/25\/covid-salamijada-2021-samobor-nagrade\/\" >Pr\u0161utana Jeleni\u0107 pokupila nagrade i u Samoboru<\/a><\/li><li><a href=\"https:\/\/istarskiprsut.hr\/de\/2021\/04\/15\/live-stream-ozujak-2021\/\" >Pr\u0161utana Jeleni\u0107 predstavlja svoje Live Stream emisije<\/a><\/li><\/ul><\/div><br \/><div class=\"aioseo-html-page-sitemap\"><h4>Seiten<\/h4><ul><li><a href=\"https:\/\/istarskiprsut.hr\/de\/dostava\/\" >Lieferung<\/a><\/li><li><a href=\"https:\/\/istarskiprsut.hr\/de\/gdje-kupiti\/\" >Wo kann ich kaufen<\/a><\/li><li><a href=\"https:\/\/istarskiprsut.hr\/de\/internetsko-rjesavanje-sporova\/\" >Online-Streitbeilegung<\/a><\/li><li><a href=\"https:\/\/istarskiprsut.hr\/de\/izjava-o-konverziji\/\" >Umrechnung-Anweisung<\/a><\/li><li><a href=\"https:\/\/istarskiprsut.hr\/de\/wc-sc-coupons-terms\/\" >JELENI\u0106 Geschenkgutschein Bedingungen<\/a><\/li><li><a href=\"https:\/\/istarskiprsut.hr\/de\/kontakt\/\" >Kontakt<\/a><\/li><li><a href=\"https:\/\/istarskiprsut.hr\/de\/sitemap\/\" >Seitenverzeichnis<\/a><\/li><li><a href=\"https:\/\/istarskiprsut.hr\/de\/nacini-placanja\/\" >Bezahlverfahren<\/a><\/li><li><a href=\"https:\/\/istarskiprsut.hr\/de\/nas-prsut\/\" >Unser Prosciutto<\/a><\/li><li><a href=\"https:\/\/istarskiprsut.hr\/de\/nasi-proizvodi\/\" >Unsere Produkte<\/a><\/li><li><a href=\"https:\/\/istarskiprsut.hr\/de\/\" >Startseite<\/a><\/li><li><a href=\"https:\/\/istarskiprsut.hr\/de\/blog\/\" >Neuheiten<\/a><\/li><li><a href=\"https:\/\/istarskiprsut.hr\/de\/o-nama-trash\/\" >\u00dcber Uns<\/a><\/li><li><a href=\"https:\/\/istarskiprsut.hr\/de\/o-nama\/\" >\u00dcber Uns<\/a><\/li><li><a href=\"https:\/\/istarskiprsut.hr\/de\/uvijeti-poslovanja\/\" >Uvijeti poslovanja<\/a><\/li><li><a href=\"https:\/\/istarskiprsut.hr\/de\/reklamacije\/\" >Beschwerden<\/a><\/li><li><a href=\"https:\/\/istarskiprsut.hr\/de\/cart\/\" >Cart<\/a><\/li><li><a href=\"https:\/\/istarskiprsut.hr\/de\/checkout\/\" >Checkout<\/a><\/li><li><a href=\"https:\/\/istarskiprsut.hr\/de\/custom-product-layout\/\" >Custom Product Layout<\/a><\/li><li><a href=\"https:\/\/istarskiprsut.hr\/de\/my-account\/\" >My Account<\/a><\/li><li><a href=\"https:\/\/istarskiprsut.hr\/de\/order-tracking\/\" >Order Tracking<\/a><\/li><li><a href=\"https:\/\/istarskiprsut.hr\/de\/pravila-privatnosti\/\" >Pravila privatnosti<\/a><\/li><li><a href=\"https:\/\/istarskiprsut.hr\/de\/quote-request\/\" >Quote Request<\/a><\/li><li><a href=\"https:\/\/istarskiprsut.hr\/de\/request-quote\/\" >Request a Quote<\/a><\/li><li><a href=\"https:\/\/istarskiprsut.hr\/de\/shop\/\" >Shop<\/a><\/li><li><a href=\"https:\/\/istarskiprsut.hr\/de\/wishlist\/\" >Wishlist<\/a><\/li><\/ul><\/div><br \/><div class=\"aioseo-html-product-sitemap\"><h4>Produkte<\/h4><ul><li><a href=\"https:\/\/istarskiprsut.hr\/de\/product\/gift-box-jelenic\/\" >GESCHENKBOX JELENI\u0106<\/a><\/li><li><a href=\"https:\/\/istarskiprsut.hr\/de\/product\/istarska-kobasica\/\" >ISTRISCHE WURST<\/a><\/li><li><a href=\"https:\/\/istarskiprsut.hr\/de\/product\/istarska-kosnica\/\" >ISTRISCHE KOSNICA<\/a><\/li><li><a href=\"https:\/\/istarskiprsut.hr\/de\/product\/istarska-panceta\/\" >ISTRISCHE PANCETTA<\/a><\/li><li><a href=\"https:\/\/istarskiprsut.hr\/de\/product\/istarska-vratina\/\" >ISTRISCHES NACKENFLEISCH<\/a><\/li><li><a href=\"https:\/\/istarskiprsut.hr\/de\/product\/istarski-ombolo\/\" >ISTRISCHES OMBOLO<\/a><\/li><li><a href=\"https:\/\/istarskiprsut.hr\/de\/product\/istarski-prsut\/\" >ISTRISCHER ROHSCHINKEN<\/a><\/li><li><a href=\"https:\/\/istarskiprsut.hr\/de\/product\/kobasica-tartufi\/\" >ISTRISCHE WURST mit Tr\u00fcffeln<\/a><\/li><li><a href=\"https:\/\/istarskiprsut.hr\/de\/product\/kobasica-uganj\/\" >ISTRISCHE WURST UGANJ<\/a><\/li><li><a href=\"https:\/\/istarskiprsut.hr\/de\/product\/istarski-prsut-bez-kosti\/\" >JELENIC ROHSCHINKEN ohne Knochen<\/a><\/li><li><a href=\"https:\/\/istarskiprsut.hr\/de\/product\/istarski-prsut-jelenic\/\" >JELENIC ROHSCHINKEN<\/a><\/li><li><a href=\"https:\/\/istarskiprsut.hr\/de\/product\/poklon-bon\/\" >JELENI\u0106 GIFT CARD<\/a><\/li><\/ul><\/div><br \/><\/div>[\/vc_column_text][\/vc_column][\/vc_row]<\/p>\n<\/div>","protected":false},"excerpt":{"rendered":"<p>[vc_row][vc_column][vc_custom_heading source=&#8221;post_title&#8221; use_theme_fonts=&#8221;yes&#8221; el_class=&#8221;m-b-md&#8221;][vc_column_text][\/vc_column_text][\/vc_column][\/vc_row]<\/p>\n","protected":false},"author":1,"featured_media":0,"parent":0,"menu_order":0,"comment_status":"closed","ping_status":"closed","template":"","meta":{"inline_featured_image":false,"_monsterinsights_skip_tracking":false,"_monsterinsights_sitenote_active":false,"_monsterinsights_sitenote_note":"","_monsterinsights_sitenote_category":0,"footnotes":""},"class_list":["post-203","page","type-page","status-publish","hentry"],"aioseo_notices":[],"_links":{"self":[{"href":"https:\/\/istarskiprsut.hr\/de\/wp-json\/wp\/v2\/pages\/203","targetHints":{"allow":["GET"]}}],"collection":[{"href":"https:\/\/istarskiprsut.hr\/de\/wp-json\/wp\/v2\/pages"}],"about":[{"href":"https:\/\/istarskiprsut.hr\/de\/wp-json\/wp\/v2\/types\/page"}],"author":[{"embeddable":true,"href":"https:\/\/istarskiprsut.hr\/de\/wp-json\/wp\/v2\/users\/1"}],"replies":[{"embeddable":true,"href":"https:\/\/istarskiprsut.hr\/de\/wp-json\/wp\/v2\/comments?post=203"}],"version-history":[{"count":4,"href":"https:\/\/istarskiprsut.hr\/de\/wp-json\/wp\/v2\/pages\/203\/revisions"}],"predecessor-version":[{"id":3231,"href":"https:\/\/istarskiprsut.hr\/de\/wp-json\/wp\/v2\/pages\/203\/revisions\/3231"}],"wp:attachment":[{"href":"https:\/\/istarskiprsut.hr\/de\/wp-json\/wp\/v2\/media?parent=203"}],"curies":[{"name":"wp","href":"https:\/\/api.w.org\/{rel}","templated":true}]}}