{"id":2175,"date":"2021-07-08T19:31:15","date_gmt":"2021-07-08T19:31:15","guid":{"rendered":"https:\/\/istarskiprsut.tk\/?page_id=2175"},"modified":"2024-06-18T20:32:34","modified_gmt":"2024-06-18T20:32:34","slug":"uvijeti-poslovanja","status":"publish","type":"page","link":"https:\/\/istarskiprsut.hr\/de\/uvijeti-poslovanja\/","title":{"rendered":"Uvijeti poslovanja"},"content":{"rendered":"<div class=\"wpb-content-wrapper\"><p>[vc_row][vc_column][vc_column_text css=&#8221;&#8221;]Ovi prilo\u017eeni \u201eOp\u0107i uvjeti poslovanja\u201c vrijede za sve primjene ove web stranice. Na odgovaraju\u0107im mjestima upu\u0107ujemo na dopunske uvjete. Ponu\u0111a\u010d ovih uvjeta o poslovanju ima pravo iste u svako doba promijeniti. Kori\u0161tenjem ponude korisnik izjavljuje da je uvijek sporazuman s va\u017ee\u0107om verzijom navedenih uvjeta.<\/p>\n<p>&nbsp;<\/p>\n<ol>\n<li><strong>SADR\u017dAJ NA\u0160E ONLINE-PONUDE<\/strong><\/li>\n<\/ol>\n<p>&nbsp;<\/p>\n<p>JELENI\u0106 d.o.o. ne preuzima nikakvu odgovornost za aktualnost, ispravnost, potpunost i kvalitetu na raspolaganje pru\u017eenih informacija i sadr\u017eaja. Prava na osnovu odgovornosti protiv autora, koja se pozivaju na materijalnu i idealnu \u0161tetu prouzro\u010denu kroz uporabu ili ne uporabu ponu\u0111enih informacija, odnosno kroz uporabu pogre\u0161nih i nepotpunih informacija, su u pravilu isklju\u010dena. Sve ponude su slobodne i neobvezuju\u0107e. JELENI\u0106 d.o.o. si pridr\u017eava isklju\u010divo pravo promijeniti dijelove stranice ili kompletnu ponudu te iste nadograditi, izbrisati ili bez objave, djelomi\u010dno ili potpuno, ukinuti.<\/p>\n<p>&nbsp;<\/p>\n<ol start=\"2\">\n<li><strong>UPUTE I LINKOVI<\/strong><\/li>\n<\/ol>\n<p>&nbsp;<\/p>\n<p>Unato\u010d savjesne kontrole JELENI\u0106 d.o.o. ovime distancira isklju\u010divost od svih sadr\u017eaja, svih linkanih\/spojenih stranica koje su nakon postavljanja linka promijenjene. Ovo vrijedi za sve postavljene linkove i upute unutar vlastite web stranice. Za ilegalne, pogre\u0161ne ili nepotpune sadr\u017eaje, a posebno za \u0161tete koje nastanu na osnovu uporabe ili ne uporabe na taj na\u010din pru\u017eenih informacija, odgovornost snosi vlasnik stranice na koju je upu\u0107eno, a ne onaj tko preko linka samo upu\u0107uje na doti\u010dnu objavu.<\/p>\n<p>&nbsp;<\/p>\n<ol start=\"3\">\n<li><strong>ZA\u0160TITA AUTORSKIH PRAVA I PRAVA NA OSNOVU DJELA, KAO I ZA\u0160TITA POSLOVNIH PRAVA<\/strong><\/li>\n<\/ol>\n<p>&nbsp;<\/p>\n<p>Sve informacije koje su navedene na web stranici, i koje su eventualno od strane tre\u0107ih osoba za\u0161ti\u0107ene, podlije\u017eu bez ograni\u010denja odredbama specifi\u010dne, va\u017ee\u0107e pravne odredbe o za\u0161titi informacija.<\/p>\n<p><a title=\"JELENI\u0106 Geschenkgutschein Bedingungen\" href=\"https:\/\/istarskiprsut.hr\/wc-sc-coupons-terms\/\">JELENI\u0106 Geschenkgutschein Bedingungen<\/a>[\/vc_column_text][\/vc_column][\/vc_row]<\/p>\n<\/div>","protected":false},"excerpt":{"rendered":"<p>[vc_row][vc_column][vc_column_text css=&#8221;&#8221;]Ovi prilo\u017eeni \u201eOp\u0107i uvjeti poslovanja\u201c vrijede za sve primjene ove web stranice. Na odgovaraju\u0107im mjestima upu\u0107ujemo na dopunske uvjete. Ponu\u0111a\u010d ovih uvjeta o poslovanju ima pravo iste u svako doba promijeniti. Kori\u0161tenjem ponude korisnik izjavljuje da je uvijek sporazuman s va\u017ee\u0107om verzijom navedenih uvjeta. &nbsp; SADR\u017dAJ NA\u0160E ONLINE-PONUDE &nbsp; JELENI\u0106 d.o.o. ne preuzima nikakvu [&hellip;]<\/p>\n","protected":false},"author":1,"featured_media":0,"parent":0,"menu_order":0,"comment_status":"closed","ping_status":"closed","template":"","meta":{"inline_featured_image":false,"_monsterinsights_skip_tracking":false,"_monsterinsights_sitenote_active":false,"_monsterinsights_sitenote_note":"","_monsterinsights_sitenote_category":0,"footnotes":""},"class_list":["post-2175","page","type-page","status-publish","hentry"],"aioseo_notices":[],"_links":{"self":[{"href":"https:\/\/istarskiprsut.hr\/de\/wp-json\/wp\/v2\/pages\/2175","targetHints":{"allow":["GET"]}}],"collection":[{"href":"https:\/\/istarskiprsut.hr\/de\/wp-json\/wp\/v2\/pages"}],"about":[{"href":"https:\/\/istarskiprsut.hr\/de\/wp-json\/wp\/v2\/types\/page"}],"author":[{"embeddable":true,"href":"https:\/\/istarskiprsut.hr\/de\/wp-json\/wp\/v2\/users\/1"}],"replies":[{"embeddable":true,"href":"https:\/\/istarskiprsut.hr\/de\/wp-json\/wp\/v2\/comments?post=2175"}],"version-history":[{"count":11,"href":"https:\/\/istarskiprsut.hr\/de\/wp-json\/wp\/v2\/pages\/2175\/revisions"}],"predecessor-version":[{"id":3926,"href":"https:\/\/istarskiprsut.hr\/de\/wp-json\/wp\/v2\/pages\/2175\/revisions\/3926"}],"wp:attachment":[{"href":"https:\/\/istarskiprsut.hr\/de\/wp-json\/wp\/v2\/media?parent=2175"}],"curies":[{"name":"wp","href":"https:\/\/api.w.org\/{rel}","templated":true}]}}