{"id":2441,"date":"2021-08-11T20:18:49","date_gmt":"2021-08-11T20:18:49","guid":{"rendered":"https:\/\/istarskiprsut.tk\/?page_id=2441"},"modified":"2021-11-19T23:53:47","modified_gmt":"2021-11-19T23:53:47","slug":"reklamacije","status":"publish","type":"page","link":"https:\/\/istarskiprsut.hr\/de\/reklamacije\/","title":{"rendered":"Beschwerden"},"content":{"rendered":"<div class=\"wpb-content-wrapper\"><p>[vc_row full_width=&#8221;stretch_row&#8221; wrap_container=&#8221;yes&#8221; css=&#8221;.vc_custom_1630091738525{padding-top: 50px !important;padding-bottom: 20px !important;background-color: #b79956 !important;}&#8221;][vc_column][vc_custom_heading source=&#8221;post_title&#8221; font_container=&#8221;tag:h4|font_size:44|text_align:left|color:%23ffffff|line_height:1&#8243; google_fonts=&#8221;font_family:Belgrano%3Aregular|font_style:400%20regular%3A400%3Anormal&#8221; letter_spacing=&#8221;-2&#8243; el_class=&#8221;mb-3 ls-80&#8243;][\/vc_column][\/vc_row][vc_row css=&#8221;.vc_custom_1630091706971{padding-top: 100px !important;padding-bottom: 100px !important;}&#8221;][vc_column][vc_column_text]Dem Kunden steht nach dem Konsumentenschutzgesetz ein Beschwerderecht zu. Eine Reklamation gilt als g\u00fcltig, wenn sie die Voraussetzungen f\u00fcr eine Reklamation gem\u00e4\u00df dem Gesetz \u00fcber die zivilrechtlichen Verpflichtungen und dem Verbraucherschutzgesetz erf\u00fcllt. Der K\u00e4ufer ist verpflichtet, das Produkt innerhalb der vereinbarten Zeit an den Verk\u00e4ufer an die vereinbarte Adresse zur\u00fcckzusenden. Der Verk\u00e4ufer ist verpflichtet, das Produkt innerhalb von 14 Tagen nach Erhalt einer g\u00fcltigen Reklamation an den K\u00e4ufer zu ersetzen oder den gesamten bezahlten Betrag zur\u00fcckzuerstatten.<\/p>\n<p>&nbsp;<\/p>\n<p>Alle Beschwerden gehen an die E-Mail-Adresse: <a href=\"mailto:info@istarskiprsut.hr\">info@istarskiprsut.hr<\/a><\/p>\n<p><a href=\"https:\/\/istarskiprsut.hr\/wp-content\/uploads\/2021\/09\/Otkazivanje-narudzbe-Prsutana_Jelenic.docx\">Bestellstornierungsformular<\/a><\/p>\n<p>[\/vc_column_text][\/vc_column][\/vc_row]<\/p>\n<\/div>","protected":false},"excerpt":{"rendered":"<p>[vc_row full_width=&#8221;stretch_row&#8221; wrap_container=&#8221;yes&#8221; css=&#8221;.vc_custom_1630091738525{padding-top: 50px !important;padding-bottom: 20px !important;background-color: #b79956 !important;}&#8221;][vc_column][vc_custom_heading source=&#8221;post_title&#8221; font_container=&#8221;tag:h4|font_size:44|text_align:left|color:%23ffffff|line_height:1&#8243; google_fonts=&#8221;font_family:Belgrano%3Aregular|font_style:400%20regular%3A400%3Anormal&#8221; letter_spacing=&#8221;-2&#8243; el_class=&#8221;mb-3 ls-80&#8243;][\/vc_column][\/vc_row][vc_row css=&#8221;.vc_custom_1630091706971{padding-top: 100px !important;padding-bottom: 100px !important;}&#8221;][vc_column][vc_column_text]Dem Kunden steht nach dem Konsumentenschutzgesetz ein Beschwerderecht zu. Eine Reklamation gilt als g\u00fcltig, wenn sie die Voraussetzungen f\u00fcr eine Reklamation gem\u00e4\u00df dem Gesetz \u00fcber die zivilrechtlichen Verpflichtungen und dem Verbraucherschutzgesetz erf\u00fcllt. Der K\u00e4ufer ist [&hellip;]<\/p>\n","protected":false},"author":1,"featured_media":0,"parent":0,"menu_order":0,"comment_status":"closed","ping_status":"closed","template":"","meta":{"inline_featured_image":false,"_monsterinsights_skip_tracking":false,"_monsterinsights_sitenote_active":false,"_monsterinsights_sitenote_note":"","_monsterinsights_sitenote_category":0,"footnotes":""},"class_list":["post-2441","page","type-page","status-publish","hentry"],"aioseo_notices":[],"_links":{"self":[{"href":"https:\/\/istarskiprsut.hr\/de\/wp-json\/wp\/v2\/pages\/2441","targetHints":{"allow":["GET"]}}],"collection":[{"href":"https:\/\/istarskiprsut.hr\/de\/wp-json\/wp\/v2\/pages"}],"about":[{"href":"https:\/\/istarskiprsut.hr\/de\/wp-json\/wp\/v2\/types\/page"}],"author":[{"embeddable":true,"href":"https:\/\/istarskiprsut.hr\/de\/wp-json\/wp\/v2\/users\/1"}],"replies":[{"embeddable":true,"href":"https:\/\/istarskiprsut.hr\/de\/wp-json\/wp\/v2\/comments?post=2441"}],"version-history":[{"count":12,"href":"https:\/\/istarskiprsut.hr\/de\/wp-json\/wp\/v2\/pages\/2441\/revisions"}],"predecessor-version":[{"id":2858,"href":"https:\/\/istarskiprsut.hr\/de\/wp-json\/wp\/v2\/pages\/2441\/revisions\/2858"}],"wp:attachment":[{"href":"https:\/\/istarskiprsut.hr\/de\/wp-json\/wp\/v2\/media?parent=2441"}],"curies":[{"name":"wp","href":"https:\/\/api.w.org\/{rel}","templated":true}]}}