{"id":2443,"date":"2021-08-11T20:19:27","date_gmt":"2021-08-11T20:19:27","guid":{"rendered":"https:\/\/istarskiprsut.tk\/?page_id=2443"},"modified":"2021-11-19T22:14:36","modified_gmt":"2021-11-19T22:14:36","slug":"internetsko-rjesavanje-sporova","status":"publish","type":"page","link":"https:\/\/istarskiprsut.hr\/de\/internetsko-rjesavanje-sporova\/","title":{"rendered":"Online-Streitbeilegung"},"content":{"rendered":"<div class=\"wpb-content-wrapper\"><p>[vc_row full_width=&#8221;stretch_row&#8221; wrap_container=&#8221;yes&#8221; css=&#8221;.vc_custom_1630088911870{padding-top: 50px !important;padding-bottom: 20px !important;background-color: #b79956 !important;}&#8221;][vc_column][vc_custom_heading source=&#8221;post_title&#8221; font_container=&#8221;tag:h4|font_size:44|text_align:left|color:%23ffffff|line_height:1&#8243; google_fonts=&#8221;font_family:Belgrano%3Aregular|font_style:400%20regular%3A400%3Anormal&#8221; font_weight=&#8221;300&#8243; letter_spacing=&#8221;-10&#8243; el_class=&#8221;mb-3 ls-80&#8243;][\/vc_column][\/vc_row][vc_row css=&#8221;.vc_custom_1630088893533{padding-top: 100px !important;padding-bottom: 100px !important;}&#8221;][vc_column][vc_column_text]Durch Sonderregelungen der Europ\u00e4ischen Union, ab 15.2.2016. EU-weite Streitigkeiten \u00fcber Online-Shopping k\u00f6nnen \u00fcber eine Plattform beigelegt werden, die Sie unter https:\/\/ec.europa.eu\/consumers\/odr\/main\/index.cfm?event=main.home2.show&amp;lng=DE erreichen. Das hei\u00dft, wenn Sie bei einem Online-Kauf innerhalb der EU auf ein Problem sto\u00dfen (defektes Produkt, Unm\u00f6glichkeit, das Produkt zu ersetzen, etc.), k\u00f6nnen Sie Ihre Reklamation \u00fcber den obigen Link einreichen. Die Plattform kann sowohl von Verbrauchern als auch von Gewerbetreibenden genutzt werden, und Beschwerden k\u00f6nnen in jeder der 23 EU-Amtssprachen eingereicht werden.[\/vc_column_text][\/vc_column][\/vc_row]<\/p>\n<\/div>","protected":false},"excerpt":{"rendered":"<p>[vc_row full_width=&#8221;stretch_row&#8221; wrap_container=&#8221;yes&#8221; css=&#8221;.vc_custom_1630088911870{padding-top: 50px !important;padding-bottom: 20px !important;background-color: #b79956 !important;}&#8221;][vc_column][vc_custom_heading source=&#8221;post_title&#8221; font_container=&#8221;tag:h4|font_size:44|text_align:left|color:%23ffffff|line_height:1&#8243; google_fonts=&#8221;font_family:Belgrano%3Aregular|font_style:400%20regular%3A400%3Anormal&#8221; font_weight=&#8221;300&#8243; letter_spacing=&#8221;-10&#8243; el_class=&#8221;mb-3 ls-80&#8243;][\/vc_column][\/vc_row][vc_row css=&#8221;.vc_custom_1630088893533{padding-top: 100px !important;padding-bottom: 100px !important;}&#8221;][vc_column][vc_column_text]Durch Sonderregelungen der Europ\u00e4ischen Union, ab 15.2.2016. EU-weite Streitigkeiten \u00fcber Online-Shopping k\u00f6nnen \u00fcber eine Plattform beigelegt werden, die Sie unter https:\/\/ec.europa.eu\/consumers\/odr\/main\/index.cfm?event=main.home2.show&amp;lng=DE erreichen. Das hei\u00dft, wenn Sie bei einem Online-Kauf innerhalb der EU auf ein [&hellip;]<\/p>\n","protected":false},"author":1,"featured_media":0,"parent":0,"menu_order":0,"comment_status":"closed","ping_status":"closed","template":"","meta":{"inline_featured_image":false,"_monsterinsights_skip_tracking":false,"_monsterinsights_sitenote_active":false,"_monsterinsights_sitenote_note":"","_monsterinsights_sitenote_category":0,"footnotes":""},"class_list":["post-2443","page","type-page","status-publish","hentry"],"aioseo_notices":[],"_links":{"self":[{"href":"https:\/\/istarskiprsut.hr\/de\/wp-json\/wp\/v2\/pages\/2443","targetHints":{"allow":["GET"]}}],"collection":[{"href":"https:\/\/istarskiprsut.hr\/de\/wp-json\/wp\/v2\/pages"}],"about":[{"href":"https:\/\/istarskiprsut.hr\/de\/wp-json\/wp\/v2\/types\/page"}],"author":[{"embeddable":true,"href":"https:\/\/istarskiprsut.hr\/de\/wp-json\/wp\/v2\/users\/1"}],"replies":[{"embeddable":true,"href":"https:\/\/istarskiprsut.hr\/de\/wp-json\/wp\/v2\/comments?post=2443"}],"version-history":[{"count":8,"href":"https:\/\/istarskiprsut.hr\/de\/wp-json\/wp\/v2\/pages\/2443\/revisions"}],"predecessor-version":[{"id":2856,"href":"https:\/\/istarskiprsut.hr\/de\/wp-json\/wp\/v2\/pages\/2443\/revisions\/2856"}],"wp:attachment":[{"href":"https:\/\/istarskiprsut.hr\/de\/wp-json\/wp\/v2\/media?parent=2443"}],"curies":[{"name":"wp","href":"https:\/\/api.w.org\/{rel}","templated":true}]}}