{"id":2969,"date":"2021-10-06T11:25:00","date_gmt":"2021-10-06T11:25:00","guid":{"rendered":"https:\/\/prsutana-jelenic.hr\/?page_id=2969"},"modified":"2022-11-14T19:33:52","modified_gmt":"2022-11-14T19:33:52","slug":"izjava-o-konverziji","status":"publish","type":"page","link":"https:\/\/istarskiprsut.hr\/de\/izjava-o-konverziji\/","title":{"rendered":"Umrechnung-Anweisung"},"content":{"rendered":"<div class=\"wpb-content-wrapper\"><p>[vc_row full_width=&#8221;stretch_row&#8221; wrap_container=&#8221;yes&#8221; css=&#8221;.vc_custom_1630080004095{padding-top: 50px !important;padding-bottom: 20px !important;background-color: #b79956 !important;}&#8221;][vc_column][vc_custom_heading field_dynamic_source=&#8221;post_info&#8221; font_container=&#8221;tag:h4|font_size:44|text_align:left|color:%23ffffff|line_height:1&#8243; google_fonts=&#8221;font_family:Belgrano%3Aregular|font_style:400%20regular%3A400%3Anormal&#8221; font_weight=&#8221;300&#8243; letter_spacing=&#8221;-10&#8243; enable_field_dynamic=&#8221;true&#8221; source=&#8221;post_title&#8221; el_class=&#8221;mb-3 ls-80&#8243; field_dynamic_content=&#8221;post_title&#8221;][\/vc_column][\/vc_row][vc_row content_placement=&#8221;middle&#8221; css=&#8221;.vc_custom_1630079652593{padding-top: 100px !important;padding-bottom: 100px !important;}&#8221;][vc_column][vc_column_text]Die Zahlung erfolgt immer in kroatischer Kuna.<\/p>\n<p>Der Betrag, der Ihrer Kreditkarte belastet wird, erhalten Sie durch Umrechnung der kroatischen Kuna in Ihre W\u00e4hrung gem\u00e4\u00df der aktuellen Wechselkursliste der Kroatischen Nationalbank. Bei der Belastung der Karte wird der Betrag entsprechend dem Wechselkurs der Heimatkreditkarte, mit der Sie bezahlt haben, in Ihre W\u00e4hrung umgerechnet.<\/p>\n<p>Aufgrund der W\u00e4hrungsumrechnung kann der Preis geringf\u00fcgig von dem auf unserer Website angegebenen Preis abweichen.[\/vc_column_text][\/vc_column][\/vc_row]<\/p>\n<\/div>","protected":false},"excerpt":{"rendered":"<p>[vc_row full_width=&#8221;stretch_row&#8221; wrap_container=&#8221;yes&#8221; css=&#8221;.vc_custom_1630080004095{padding-top: 50px !important;padding-bottom: 20px !important;background-color: #b79956 !important;}&#8221;][vc_column][vc_custom_heading field_dynamic_source=&#8221;post_info&#8221; font_container=&#8221;tag:h4|font_size:44|text_align:left|color:%23ffffff|line_height:1&#8243; google_fonts=&#8221;font_family:Belgrano%3Aregular|font_style:400%20regular%3A400%3Anormal&#8221; font_weight=&#8221;300&#8243; letter_spacing=&#8221;-10&#8243; enable_field_dynamic=&#8221;true&#8221; source=&#8221;post_title&#8221; el_class=&#8221;mb-3 ls-80&#8243; field_dynamic_content=&#8221;post_title&#8221;][\/vc_column][\/vc_row][vc_row content_placement=&#8221;middle&#8221; css=&#8221;.vc_custom_1630079652593{padding-top: 100px !important;padding-bottom: 100px !important;}&#8221;][vc_column][vc_column_text]Die Zahlung erfolgt immer in kroatischer Kuna. Der Betrag, der Ihrer Kreditkarte belastet wird, erhalten Sie durch Umrechnung der kroatischen Kuna in Ihre W\u00e4hrung gem\u00e4\u00df der aktuellen Wechselkursliste der Kroatischen [&hellip;]<\/p>\n","protected":false},"author":2,"featured_media":0,"parent":0,"menu_order":0,"comment_status":"closed","ping_status":"closed","template":"","meta":{"inline_featured_image":false,"_monsterinsights_skip_tracking":false,"_monsterinsights_sitenote_active":false,"_monsterinsights_sitenote_note":"","_monsterinsights_sitenote_category":0,"footnotes":""},"class_list":["post-2969","page","type-page","status-publish","hentry"],"aioseo_notices":[],"_links":{"self":[{"href":"https:\/\/istarskiprsut.hr\/de\/wp-json\/wp\/v2\/pages\/2969","targetHints":{"allow":["GET"]}}],"collection":[{"href":"https:\/\/istarskiprsut.hr\/de\/wp-json\/wp\/v2\/pages"}],"about":[{"href":"https:\/\/istarskiprsut.hr\/de\/wp-json\/wp\/v2\/types\/page"}],"author":[{"embeddable":true,"href":"https:\/\/istarskiprsut.hr\/de\/wp-json\/wp\/v2\/users\/2"}],"replies":[{"embeddable":true,"href":"https:\/\/istarskiprsut.hr\/de\/wp-json\/wp\/v2\/comments?post=2969"}],"version-history":[{"count":8,"href":"https:\/\/istarskiprsut.hr\/de\/wp-json\/wp\/v2\/pages\/2969\/revisions"}],"predecessor-version":[{"id":3419,"href":"https:\/\/istarskiprsut.hr\/de\/wp-json\/wp\/v2\/pages\/2969\/revisions\/3419"}],"wp:attachment":[{"href":"https:\/\/istarskiprsut.hr\/de\/wp-json\/wp\/v2\/media?parent=2969"}],"curies":[{"name":"wp","href":"https:\/\/api.w.org\/{rel}","templated":true}]}}