{"id":3887,"date":"2024-06-01T12:21:14","date_gmt":"2024-06-01T12:21:14","guid":{"rendered":"https:\/\/istarskiprsut.hr\/wc-sc-coupons-terms\/"},"modified":"2024-06-18T20:23:41","modified_gmt":"2024-06-18T20:23:41","slug":"wc-sc-coupons-terms","status":"publish","type":"page","link":"https:\/\/istarskiprsut.hr\/de\/wc-sc-coupons-terms\/","title":{"rendered":"JELENI\u0106 Geschenkgutschein Bedingungen"},"content":{"rendered":"<div class=\"wpb-content-wrapper\"><p>[vc_row full_width=&#8221;stretch_row&#8221; wrap_container=&#8221;yes&#8221; css=&#8221;.vc_custom_1630090405658{padding-top: 50px !important;padding-bottom: 20px !important;background-color: #b79956 !important;}&#8221;][vc_column][vc_custom_heading field_dynamic_source=&#8221;post_info&#8221; font_container=&#8221;tag:h4|font_size:44|text_align:left|color:%23ffffff|line_height:1&#8243; google_fonts=&#8221;font_family:Belgrano%3Aregular|font_style:400%20regular%3A400%3Anormal&#8221; css=&#8221;&#8221; enable_field_dynamic=&#8221;true&#8221; el_class=&#8221;mb-3 ls-80&#8243; field_dynamic_content=&#8221;post_title&#8221;][\/vc_column][\/vc_row][vc_row wrap_container=&#8221;yes&#8221; el_class=&#8221;m-t-md&#8221; css=&#8221;.vc_custom_1630090629525{padding-top: 50px !important;padding-bottom: 20px !important;}&#8221;][vc_column][vc_column_text css=&#8221;&#8221;]gelten f\u00fcr Geschenkgutscheine bis zu ihrem Ablaufdatum, jedoch sp\u00e4testens 90 Tage nach dem Kauf.<\/p>\n<p>&nbsp;<\/p>\n<p><strong>ALLGEMEINE BEDINGUNGEN<\/strong><\/p>\n<p>Die Allgemeinen Gesch\u00e4ftsbedingungen f\u00fcr Geschenkgutscheine der Gesellschaft JELENI\u0106 d.o.o., \u017dminj, Pazinska 2c (im Folgenden: die Gesellschaft), legen die Rechte und Pflichten der Gesellschaft und der K\u00e4ufer in Bezug auf die Nutzung der Geschenkgutscheine der Gesellschaft fest.<\/p>\n<p>Diese Allgemeinen Bedingungen sind f\u00fcr die Gesellschaft und jeden K\u00e4ufer, der einen Geschenkgutschein erwirbt oder mit Geschenkgutscheinen Waren auf der Website der Gesellschaft (https:\/\/istarskiprsut.hr\/shop\/) kauft, bindend.<\/p>\n<p>Durch die Ver\u00f6ffentlichung dieser Allgemeinen Bedingungen erkl\u00e4rt sich jeder K\u00e4ufer damit einverstanden, dass er durch den Kauf des Geschenkgutscheins die Allgemeinen Bedingungen f\u00fcr die Nutzung der Geschenkgutscheine akzeptiert.<\/p>\n<p>&nbsp;<\/p>\n<ol>\n<li><strong>ALLGEMEINES<\/strong><\/li>\n<\/ol>\n<p>Der Geschenkgutschein ist in digitaler Form und wird an die E-Mail-Adresse des K\u00e4ufers oder Empf\u00e4ngers gesendet.<\/p>\n<p>Der Geschenkgutschein besteht aus einem Code, den der K\u00e4ufer im letzten Schritt des Kaufs der Produkte aus dem Warenkorb auf der Website der Gesellschaft (https:\/\/istarskiprsut.hr\/shop\/) eingibt.<\/p>\n<p>Die Gesellschaft gibt die Geschenkgutscheine gegen Bezahlung aus und ist verpflichtet, sie gem\u00e4\u00df diesen Allgemeinen Bedingungen als Zahlung f\u00fcr Waren anzunehmen, die auf ihrer Website (https:\/\/istarskiprsut.hr\/shop\/) verkauft werden.<\/p>\n<p>&nbsp;<\/p>\n<ol start=\"2\">\n<li><strong>WERT DER GESCHENKGUTSCHEINE<\/strong><\/li>\n<\/ol>\n<p>Der K\u00e4ufer bestimmt den Betrag des Geschenkgutscheins. Der Mindestbetrag des Geschenkgutscheins, f\u00fcr den Waren gekauft werden k\u00f6nnen, betr\u00e4gt 10,00 \u20ac.<\/p>\n<p>Der Geschenkgutschein kann mit Debit- oder Kreditkarten, per Bank\u00fcberweisung oder \u00fcber PayPal gekauft werden.<\/p>\n<p>&nbsp;<\/p>\n<ol start=\"3\">\n<li><strong>VERPFLICHTUNGEN DER GESELLSCHAFT<\/strong><\/li>\n<\/ol>\n<p>Die Verpflichtung der Gesellschaft in Bezug auf die Geschenkgutscheine entsteht, wenn der K\u00e4ufer den Wert des Geschenkgutscheins bezahlt.<\/p>\n<p>Eine Best\u00e4tigung des Kaufs des Geschenkgutscheins sowie der Geschenkgutschein selbst werden an die E-Mail-Adresse des K\u00e4ufers gesendet, es sei denn, der K\u00e4ufer gibt eine andere E-Mail-Adresse f\u00fcr den Versand des Geschenkgutscheins an.<\/p>\n<p>Die Gesellschaft haftet nicht f\u00fcr den Verlust des Geschenkgutscheins, und im Falle eines Verlusts oder Ablaufs des Geschenkgutscheins kann kein Geld zur\u00fcckerstattet oder ein sonstiger Schadenersatz verlangt werden.<\/p>\n<p>Die Gesellschaft wird dem Inhaber des Geschenkgutscheins den Wert des Geschenkgutscheins nicht zur\u00fcckerstatten.<\/p>\n<p>Wenn ein mit einem Geschenkgutschein gekauftes Produkt aus gesetzlich zul\u00e4ssigen Gr\u00fcnden zur\u00fcckgegeben wird, wird die Gesellschaft das Produkt f\u00fcr den K\u00e4ufer\/den Inhaber des Gutscheins ersetzen.<\/p>\n<p>Die Gesellschaft kann die Erf\u00fcllung der Verpflichtungen aus dem Geschenkgutschein ablehnen, wenn festgestellt wird, dass der Geschenkgutschein gef\u00e4lscht ist.<\/p>\n<p>&nbsp;<\/p>\n<ol start=\"4\">\n<li><strong>RECHTE DES INHABERS DES GESCHENKGUTSCHEINS<\/strong><\/li>\n<\/ol>\n<p>Der Geschenkgutschein ist 3 (drei) Monate ab dem Kaufdatum g\u00fcltig.<\/p>\n<p>Der Geschenkgutschein ist nicht personengebunden und daher \u00fcbertragbar.<\/p>\n<p>Geschenkgutscheine k\u00f6nnen in unbegrenzter Menge gekauft werden.<\/p>\n<p>Der K\u00e4ufer kann mit Geschenkgutscheinen Waren aus dem gesamten Sortiment der Gesellschaft ohne Einschr\u00e4nkungen kaufen.<\/p>\n<p>Der Geschenkgutschein kann zur vollst\u00e4ndigen oder teilweisen Bezahlung der Rechnung verwendet werden.<\/p>\n<p>Wenn der Betrag auf dem Geschenkgutschein nicht ausreicht, um den gesamten Rechnungsbetrag zu decken, kann der Restbetrag mit allen anderen Zahlungsmethoden beglichen werden, die das Verkaufsstelle akzeptiert.<\/p>\n<p>Wenn der Kaufwert niedriger ist als der Wert des Geschenkgutscheins, wird die Gesellschaft den Restbetrag nicht zur\u00fcckerstatten.<\/p>\n<p>Eine Rechnung kann mit einem Geschenkgutschein bezahlt werden.<\/p>\n<p>&nbsp;<\/p>\n<ol start=\"5\">\n<li><strong>SONSTIGE BESTIMMUNGEN<\/strong><\/li>\n<\/ol>\n<p>Der K\u00e4ufer des Geschenkgutscheins akzeptiert diese Allgemeinen Bedingungen und Nutzungsregeln des Geschenkgutscheins am Tag des Kaufs des Geschenkgutscheins.<\/p>\n<p>Die Allgemeinen Gesch\u00e4ftsbedingungen f\u00fcr Geschenkgutscheine gelten ab dem Tag der Annahme und sind auf der Website der Gesellschaft unter https:\/\/istarskiprsut.hr\/ ver\u00f6ffentlicht.<\/p>\n<p>Die Gesellschaft beh\u00e4lt sich das Recht vor, diese Allgemeinen Bedingungen zu \u00e4ndern oder den weiteren Verkauf von Geschenkgutscheinen jederzeit einzustellen, mit der Verpflichtung, den Inhabern die Nutzung bis zum Ablaufdatum zu erm\u00f6glichen.<\/p>\n<p>Alle Streitigkeiten im Zusammenhang mit diesen Bedingungen und deren G\u00fcltigkeit werden die Vertragsparteien einvernehmlich regeln. Ist dies nicht m\u00f6glich, wird die Zust\u00e4ndigkeit des zust\u00e4ndigen Gerichts vereinbart.<\/p>\n<p>Die Allgemeinen Bedingungen treten am Tag der Annahme in Kraft und werden angewendet.<\/p>\n<p>In \u017dminj, am 14.06.2024.<\/p>\n<p>JELENI\u0106 d.o.o.<\/p>\n<p>\u017dminj, Pazinska 2c[\/vc_column_text][vc_separator color=&#8221;custom&#8221; accent_color=&#8221;#e7e7e7&#8243; el_class=&#8221;mt-5 m-b-xlg pb-2&#8243;][\/vc_column][\/vc_row]<\/p>\n<\/div>","protected":false},"excerpt":{"rendered":"<p>[vc_row full_width=&#8221;stretch_row&#8221; wrap_container=&#8221;yes&#8221; css=&#8221;.vc_custom_1630090405658{padding-top: 50px !important;padding-bottom: 20px !important;background-color: #b79956 !important;}&#8221;][vc_column][vc_custom_heading field_dynamic_source=&#8221;post_info&#8221; font_container=&#8221;tag:h4|font_size:44|text_align:left|color:%23ffffff|line_height:1&#8243; google_fonts=&#8221;font_family:Belgrano%3Aregular|font_style:400%20regular%3A400%3Anormal&#8221; css=&#8221;&#8221; enable_field_dynamic=&#8221;true&#8221; el_class=&#8221;mb-3 ls-80&#8243; field_dynamic_content=&#8221;post_title&#8221;][\/vc_column][\/vc_row][vc_row wrap_container=&#8221;yes&#8221; el_class=&#8221;m-t-md&#8221; css=&#8221;.vc_custom_1630090629525{padding-top: 50px !important;padding-bottom: 20px !important;}&#8221;][vc_column][vc_column_text css=&#8221;&#8221;]gelten f\u00fcr Geschenkgutscheine bis zu ihrem Ablaufdatum, jedoch sp\u00e4testens 90 Tage nach dem Kauf. &nbsp; ALLGEMEINE BEDINGUNGEN Die Allgemeinen Gesch\u00e4ftsbedingungen f\u00fcr Geschenkgutscheine der Gesellschaft JELENI\u0106 d.o.o., \u017dminj, Pazinska 2c (im [&hellip;]<\/p>\n","protected":false},"author":1,"featured_media":0,"parent":0,"menu_order":0,"comment_status":"closed","ping_status":"closed","template":"","meta":{"inline_featured_image":false,"_monsterinsights_skip_tracking":false,"_monsterinsights_sitenote_active":false,"_monsterinsights_sitenote_note":"","_monsterinsights_sitenote_category":0,"footnotes":""},"class_list":["post-3887","page","type-page","status-publish","hentry"],"aioseo_notices":[],"_links":{"self":[{"href":"https:\/\/istarskiprsut.hr\/de\/wp-json\/wp\/v2\/pages\/3887","targetHints":{"allow":["GET"]}}],"collection":[{"href":"https:\/\/istarskiprsut.hr\/de\/wp-json\/wp\/v2\/pages"}],"about":[{"href":"https:\/\/istarskiprsut.hr\/de\/wp-json\/wp\/v2\/types\/page"}],"author":[{"embeddable":true,"href":"https:\/\/istarskiprsut.hr\/de\/wp-json\/wp\/v2\/users\/1"}],"replies":[{"embeddable":true,"href":"https:\/\/istarskiprsut.hr\/de\/wp-json\/wp\/v2\/comments?post=3887"}],"version-history":[{"count":6,"href":"https:\/\/istarskiprsut.hr\/de\/wp-json\/wp\/v2\/pages\/3887\/revisions"}],"predecessor-version":[{"id":3920,"href":"https:\/\/istarskiprsut.hr\/de\/wp-json\/wp\/v2\/pages\/3887\/revisions\/3920"}],"wp:attachment":[{"href":"https:\/\/istarskiprsut.hr\/de\/wp-json\/wp\/v2\/media?parent=3887"}],"curies":[{"name":"wp","href":"https:\/\/api.w.org\/{rel}","templated":true}]}}