{"id":2249,"date":"2021-07-15T09:11:36","date_gmt":"2021-07-15T09:11:36","guid":{"rendered":"https:\/\/istarskiprsut.tk\/?post_type=product&#038;p=2249"},"modified":"2026-04-21T08:28:22","modified_gmt":"2026-04-21T08:28:22","slug":"istarski-prsut-bez-kosti","status":"publish","type":"product","link":"https:\/\/istarskiprsut.hr\/de\/product\/istarski-prsut-bez-kosti\/","title":{"rendered":"JELENIC ROHSCHINKEN ohne Knochen"},"content":{"rendered":"","protected":false},"excerpt":{"rendered":"<p>Der Istrische Rohschinken ist ein Produkt aus luftgetrocknetem Fleisch einer besonders ausgew\u00e4hlten Rasse schwerer Schweine. Er hat die au\u00dfergew\u00f6hnliche Form einer \u201cVioline\u201d, bei deren Bearbeitung die Haut abgezogen und der Beckenknochen dran gelassen wird. Der Schinken wird per Hand mit Meersalz, Pfeffer, Knoblauch und etwas Lorbeerbl\u00e4ttern eingerieben. Nach dem Salzen und Ruhen wird der Schinken ohne Rauch f\u00fcr mindestens 12 Monate luftgetrocknet.W\u00e4hrend des Trocknens bildet sich um den Schinken ein Edelschimmel, welcher ihm den unverkennbaren Geschmack und Duft verleiht.<\/p>\n<p>&nbsp;<\/p>\n","protected":false},"featured_media":2775,"template":"","meta":{"inline_featured_image":false,"_monsterinsights_skip_tracking":false,"_monsterinsights_sitenote_active":false,"_monsterinsights_sitenote_note":"","_monsterinsights_sitenote_category":0},"product_brand":[],"product_cat":[15],"product_tag":[],"class_list":{"0":"post-2249","1":"product","2":"type-product","3":"status-publish","4":"has-post-thumbnail","6":"product_cat-jelenic","8":"first","9":"instock","10":"featured","11":"taxable","12":"shipping-taxable","13":"purchasable","14":"product-type-variable"},"aioseo_notices":[],"_links":{"self":[{"href":"https:\/\/istarskiprsut.hr\/de\/wp-json\/wp\/v2\/product\/2249","targetHints":{"allow":["GET"]}}],"collection":[{"href":"https:\/\/istarskiprsut.hr\/de\/wp-json\/wp\/v2\/product"}],"about":[{"href":"https:\/\/istarskiprsut.hr\/de\/wp-json\/wp\/v2\/types\/product"}],"wp:featuredmedia":[{"embeddable":true,"href":"https:\/\/istarskiprsut.hr\/de\/wp-json\/wp\/v2\/media\/2775"}],"wp:attachment":[{"href":"https:\/\/istarskiprsut.hr\/de\/wp-json\/wp\/v2\/media?parent=2249"}],"wp:term":[{"taxonomy":"product_brand","embeddable":true,"href":"https:\/\/istarskiprsut.hr\/de\/wp-json\/wp\/v2\/product_brand?post=2249"},{"taxonomy":"product_cat","embeddable":true,"href":"https:\/\/istarskiprsut.hr\/de\/wp-json\/wp\/v2\/product_cat?post=2249"},{"taxonomy":"product_tag","embeddable":true,"href":"https:\/\/istarskiprsut.hr\/de\/wp-json\/wp\/v2\/product_tag?post=2249"}],"curies":[{"name":"wp","href":"https:\/\/api.w.org\/{rel}","templated":true}]}}