{"id":2250,"date":"2021-07-15T09:24:31","date_gmt":"2021-07-15T09:24:31","guid":{"rendered":"https:\/\/istarskiprsut.tk\/?post_type=product&#038;p=2250"},"modified":"2023-11-13T18:26:57","modified_gmt":"2023-11-13T18:26:57","slug":"istarska-vratina","status":"publish","type":"product","link":"https:\/\/istarskiprsut.hr\/de\/product\/istarska-vratina\/","title":{"rendered":"ISTRISCHES NACKENFLEISCH"},"content":{"rendered":"","protected":false},"excerpt":{"rendered":"<p>Der Schweinekamm oder die \u201cBu\u0111ola\u201d, wie er in Istrien genannt wird, ist eine weitere Spitzendelikatesse, welche aufgrund der Beschaffenheit der Muskeln und des Fettgewebes \u00fcber einen l\u00e4ngeren Zeitraum getrocknet wird. Der Nacken wird mit Gew\u00fcrzen untersetztem Meersalz eingerieben und in ein Netz gegeben, in welchem er, je nach Gr\u00f6\u00dfe, 4 bis 6 Monate<br \/>\nreift. Er hat diesen f\u00fcr istrische Delikatessen typischen au\u00dfergew\u00f6hnlichen Geschmack und Duft.<\/p>\n<p>&nbsp;<\/p>\n","protected":false},"featured_media":2770,"template":"","meta":{"inline_featured_image":false,"_monsterinsights_skip_tracking":false,"_monsterinsights_sitenote_active":false,"_monsterinsights_sitenote_note":"","_monsterinsights_sitenote_category":0},"product_brand":[],"product_cat":[15],"product_tag":[],"class_list":{"0":"post-2250","1":"product","2":"type-product","3":"status-publish","4":"has-post-thumbnail","6":"product_cat-jelenic","8":"first","9":"outofstock","10":"featured","11":"taxable","12":"shipping-taxable","13":"purchasable","14":"product-type-variable","15":"has-default-attributes"},"aioseo_notices":[],"_links":{"self":[{"href":"https:\/\/istarskiprsut.hr\/de\/wp-json\/wp\/v2\/product\/2250","targetHints":{"allow":["GET"]}}],"collection":[{"href":"https:\/\/istarskiprsut.hr\/de\/wp-json\/wp\/v2\/product"}],"about":[{"href":"https:\/\/istarskiprsut.hr\/de\/wp-json\/wp\/v2\/types\/product"}],"wp:featuredmedia":[{"embeddable":true,"href":"https:\/\/istarskiprsut.hr\/de\/wp-json\/wp\/v2\/media\/2770"}],"wp:attachment":[{"href":"https:\/\/istarskiprsut.hr\/de\/wp-json\/wp\/v2\/media?parent=2250"}],"wp:term":[{"taxonomy":"product_brand","embeddable":true,"href":"https:\/\/istarskiprsut.hr\/de\/wp-json\/wp\/v2\/product_brand?post=2250"},{"taxonomy":"product_cat","embeddable":true,"href":"https:\/\/istarskiprsut.hr\/de\/wp-json\/wp\/v2\/product_cat?post=2250"},{"taxonomy":"product_tag","embeddable":true,"href":"https:\/\/istarskiprsut.hr\/de\/wp-json\/wp\/v2\/product_tag?post=2250"}],"curies":[{"name":"wp","href":"https:\/\/api.w.org\/{rel}","templated":true}]}}