{"id":3437,"date":"2022-11-23T16:12:46","date_gmt":"2022-11-23T16:12:46","guid":{"rendered":"https:\/\/istarskiprsut.hr\/?post_type=product&#038;p=3437"},"modified":"2025-10-01T13:22:29","modified_gmt":"2025-10-01T13:22:29","slug":"gift-box-jelenic","status":"publish","type":"product","link":"https:\/\/istarskiprsut.hr\/de\/product\/gift-box-jelenic\/","title":{"rendered":"GESCHENKBOX JELENI\u0106"},"content":{"rendered":"","protected":false},"excerpt":{"rendered":"<p>Geschenkbox enth\u00e4lt: istrische Wurst, istrische Wurst Uganj, istrische Wurst mit Tr\u00fcffeln, istrische Kosnica und ein St\u00fcck istrischen Pancetta.<\/p>\n<p>&nbsp;<\/p>\n","protected":false},"featured_media":3431,"template":"","meta":{"inline_featured_image":false,"_monsterinsights_skip_tracking":false,"_monsterinsights_sitenote_active":false,"_monsterinsights_sitenote_note":"","_monsterinsights_sitenote_category":0},"product_brand":[],"product_cat":[15],"product_tag":[],"class_list":{"0":"post-3437","1":"product","2":"type-product","3":"status-publish","4":"has-post-thumbnail","6":"product_cat-jelenic","8":"first","9":"instock","10":"taxable","11":"shipping-taxable","12":"purchasable","13":"product-type-simple"},"aioseo_notices":[],"_links":{"self":[{"href":"https:\/\/istarskiprsut.hr\/de\/wp-json\/wp\/v2\/product\/3437","targetHints":{"allow":["GET"]}}],"collection":[{"href":"https:\/\/istarskiprsut.hr\/de\/wp-json\/wp\/v2\/product"}],"about":[{"href":"https:\/\/istarskiprsut.hr\/de\/wp-json\/wp\/v2\/types\/product"}],"wp:featuredmedia":[{"embeddable":true,"href":"https:\/\/istarskiprsut.hr\/de\/wp-json\/wp\/v2\/media\/3431"}],"wp:attachment":[{"href":"https:\/\/istarskiprsut.hr\/de\/wp-json\/wp\/v2\/media?parent=3437"}],"wp:term":[{"taxonomy":"product_brand","embeddable":true,"href":"https:\/\/istarskiprsut.hr\/de\/wp-json\/wp\/v2\/product_brand?post=3437"},{"taxonomy":"product_cat","embeddable":true,"href":"https:\/\/istarskiprsut.hr\/de\/wp-json\/wp\/v2\/product_cat?post=3437"},{"taxonomy":"product_tag","embeddable":true,"href":"https:\/\/istarskiprsut.hr\/de\/wp-json\/wp\/v2\/product_tag?post=3437"}],"curies":[{"name":"wp","href":"https:\/\/api.w.org\/{rel}","templated":true}]}}