{"id":3892,"date":"2024-06-08T10:28:05","date_gmt":"2024-06-08T10:28:05","guid":{"rendered":"https:\/\/istarskiprsut.hr\/?post_type=product&#038;p=3892"},"modified":"2024-06-15T12:39:32","modified_gmt":"2024-06-15T12:39:32","slug":"poklon-bon","status":"publish","type":"product","link":"https:\/\/istarskiprsut.hr\/de\/product\/poklon-bon\/","title":{"rendered":"JELENI\u0106 GIFT CARD"},"content":{"rendered":"","protected":false},"excerpt":{"rendered":"<p>Jeleni\u0107 Geschenkgutschein ist die perfekte Wahl f\u00fcr eine geliebte Person. Sie w\u00e4hlen und geben den gew\u00fcnschten Betrag ein, und der Empf\u00e4nger kann ihn f\u00fcr eine zuk\u00fcnftige Bestellung verwenden. Der Mindestbetrag f\u00fcr den Geschenkgutschein betr\u00e4gt 10,00 \u20ac. Der Geschenkgutschein wird per E-Mail mit einfachen Anweisungen zur Verwendung geliefert. Sie haben das ideale Geschenk gew\u00e4hlt!<\/p>\n","protected":false},"featured_media":3893,"template":"","meta":{"inline_featured_image":false,"_monsterinsights_skip_tracking":false,"_monsterinsights_sitenote_active":false,"_monsterinsights_sitenote_note":"","_monsterinsights_sitenote_category":0},"product_brand":[],"product_cat":[15],"product_tag":[],"class_list":{"0":"post-3892","1":"product","2":"type-product","3":"status-publish","4":"has-post-thumbnail","6":"product_cat-jelenic","8":"first","9":"instock","10":"virtual","11":"taxable","12":"purchasable","13":"product-type-simple"},"aioseo_notices":[],"_links":{"self":[{"href":"https:\/\/istarskiprsut.hr\/de\/wp-json\/wp\/v2\/product\/3892","targetHints":{"allow":["GET"]}}],"collection":[{"href":"https:\/\/istarskiprsut.hr\/de\/wp-json\/wp\/v2\/product"}],"about":[{"href":"https:\/\/istarskiprsut.hr\/de\/wp-json\/wp\/v2\/types\/product"}],"wp:featuredmedia":[{"embeddable":true,"href":"https:\/\/istarskiprsut.hr\/de\/wp-json\/wp\/v2\/media\/3893"}],"wp:attachment":[{"href":"https:\/\/istarskiprsut.hr\/de\/wp-json\/wp\/v2\/media?parent=3892"}],"wp:term":[{"taxonomy":"product_brand","embeddable":true,"href":"https:\/\/istarskiprsut.hr\/de\/wp-json\/wp\/v2\/product_brand?post=3892"},{"taxonomy":"product_cat","embeddable":true,"href":"https:\/\/istarskiprsut.hr\/de\/wp-json\/wp\/v2\/product_cat?post=3892"},{"taxonomy":"product_tag","embeddable":true,"href":"https:\/\/istarskiprsut.hr\/de\/wp-json\/wp\/v2\/product_tag?post=3892"}],"curies":[{"name":"wp","href":"https:\/\/api.w.org\/{rel}","templated":true}]}}