{"id":203,"date":"2016-06-20T08:59:34","date_gmt":"2016-06-20T08:59:34","guid":{"rendered":"http:\/\/sw-themes.com\/porto_dummy\/?page_id=203"},"modified":"2021-11-19T23:40:25","modified_gmt":"2021-11-19T23:40:25","slug":"sitemap","status":"publish","type":"page","link":"https:\/\/istarskiprsut.hr\/en\/sitemap\/","title":{"rendered":"Sitemap"},"content":{"rendered":"<div class=\"wpb-content-wrapper\"><p>[vc_row][vc_column][vc_custom_heading source=&#8221;post_title&#8221; use_theme_fonts=&#8221;yes&#8221; el_class=&#8221;m-b-md&#8221;][vc_column_text]<div class=\"aioseo-html-sitemap\"><style>.aioseo-html-sitemap.labels-hidden ul { margin: 0; }<\/style><div class=\"aioseo-html-post-sitemap\"><h4>Posts<\/h4><ul><li><a href=\"https:\/\/istarskiprsut.hr\/en\/2020\/01\/19\/povratak-tradiciji-eksperimentalno-dozrijevanje-prsuta-u-vinskom-podrumu\/\" >Eksperimentalno dozrijevanje pr\u0161uta u vinskom podrumu<\/a><\/li><li><a href=\"https:\/\/istarskiprsut.hr\/en\/2020\/05\/22\/nijemci-nagradili-istarski-prsut-jelenic\/\" >Nijemci nagradili istarski pr\u0161ut Pr\u0161utane Jeleni\u0107<\/a><\/li><li><a href=\"https:\/\/istarskiprsut.hr\/en\/2022\/01\/12\/o-nasim-buducim-planovima\/\" >O na\u0161im budu\u0107im planovima&#8230;<\/a><\/li><li><a href=\"https:\/\/istarskiprsut.hr\/en\/2021\/02\/01\/paolo-jelenic-novi-je-predsjednik-udruge-proizvodaca-istarskog-prsuta\/\" >Paolo Jeleni\u0107 novi je predsjednik udruge proizvo\u0111a\u010da istarskog pr\u0161uta<\/a><\/li><li><a href=\"https:\/\/istarskiprsut.hr\/en\/2021\/04\/25\/covid-salamijada-2021-samobor-nagrade\/\" >Pr\u0161utana Jeleni\u0107 pokupila nagrade i u Samoboru<\/a><\/li><li><a href=\"https:\/\/istarskiprsut.hr\/en\/2021\/04\/15\/live-stream-ozujak-2021\/\" >Pr\u0161utana Jeleni\u0107 predstavlja svoje Live Stream emisije<\/a><\/li><\/ul><\/div><br \/><div class=\"aioseo-html-page-sitemap\"><h4>Pages<\/h4><ul><li><a href=\"https:\/\/istarskiprsut.hr\/en\/dostava\/\" >Delivery policy<\/a><\/li><li><a href=\"https:\/\/istarskiprsut.hr\/en\/gdje-kupiti\/\" >Where to buy<\/a><\/li><li><a href=\"https:\/\/istarskiprsut.hr\/en\/internetsko-rjesavanje-sporova\/\" >Online dispute resolution<\/a><\/li><li><a href=\"https:\/\/istarskiprsut.hr\/en\/izjava-o-konverziji\/\" >Conversion statement<\/a><\/li><li><a href=\"https:\/\/istarskiprsut.hr\/en\/wc-sc-coupons-terms\/\" >JELENI\u0106 Gift Voucher Terms and Conditions<\/a><\/li><li><a href=\"https:\/\/istarskiprsut.hr\/en\/kontakt\/\" >Contact Us<\/a><\/li><li><a href=\"https:\/\/istarskiprsut.hr\/en\/sitemap\/\" >Sitemap<\/a><\/li><li><a href=\"https:\/\/istarskiprsut.hr\/en\/nacini-placanja\/\" >Payment method<\/a><\/li><li><a href=\"https:\/\/istarskiprsut.hr\/en\/nas-prsut\/\" >Our pr\u0161ut<\/a><\/li><li><a href=\"https:\/\/istarskiprsut.hr\/en\/nasi-proizvodi\/\" >Our Products<\/a><\/li><li><a href=\"https:\/\/istarskiprsut.hr\/en\/\" >Home<\/a><\/li><li><a href=\"https:\/\/istarskiprsut.hr\/en\/blog\/\" >News<\/a><\/li><li><a href=\"https:\/\/istarskiprsut.hr\/en\/o-nama-trash\/\" >About Us &#8211; new<\/a><\/li><li><a href=\"https:\/\/istarskiprsut.hr\/en\/o-nama\/\" >About Us<\/a><\/li><li><a href=\"https:\/\/istarskiprsut.hr\/en\/uvijeti-poslovanja\/\" >Uvijeti poslovanja<\/a><\/li><li><a href=\"https:\/\/istarskiprsut.hr\/en\/reklamacije\/\" >Complaints<\/a><\/li><li><a href=\"https:\/\/istarskiprsut.hr\/en\/cart\/\" >Cart<\/a><\/li><li><a href=\"https:\/\/istarskiprsut.hr\/en\/checkout\/\" >Checkout<\/a><\/li><li><a href=\"https:\/\/istarskiprsut.hr\/en\/custom-product-layout\/\" >Custom Product Layout<\/a><\/li><li><a href=\"https:\/\/istarskiprsut.hr\/en\/my-account\/\" >My Account<\/a><\/li><li><a href=\"https:\/\/istarskiprsut.hr\/en\/order-tracking\/\" >Order Tracking<\/a><\/li><li><a href=\"https:\/\/istarskiprsut.hr\/en\/pravila-privatnosti\/\" >Pravila privatnosti<\/a><\/li><li><a href=\"https:\/\/istarskiprsut.hr\/en\/quote-request\/\" >Quote Request<\/a><\/li><li><a href=\"https:\/\/istarskiprsut.hr\/en\/request-quote\/\" >Request a Quote<\/a><\/li><li><a href=\"https:\/\/istarskiprsut.hr\/en\/shop\/\" >Shop<\/a><\/li><li><a href=\"https:\/\/istarskiprsut.hr\/en\/wishlist\/\" >Wishlist<\/a><\/li><\/ul><\/div><br \/><div class=\"aioseo-html-product-sitemap\"><h4>Products<\/h4><ul><li><a href=\"https:\/\/istarskiprsut.hr\/en\/product\/gift-box-jelenic\/\" >GIFT BOX JELENI\u0106<\/a><\/li><li><a href=\"https:\/\/istarskiprsut.hr\/en\/product\/istarska-kobasica\/\" >ISTRIAN SAUSAGE<\/a><\/li><li><a href=\"https:\/\/istarskiprsut.hr\/en\/product\/istarska-kosnica\/\" >ISTRIAN KOSNICA<\/a><\/li><li><a href=\"https:\/\/istarskiprsut.hr\/en\/product\/istarska-panceta\/\" >ISTRIAN PANCETTA<\/a><\/li><li><a href=\"https:\/\/istarskiprsut.hr\/en\/product\/istarska-vratina\/\" >ISTRIAN PORK NECK<\/a><\/li><li><a href=\"https:\/\/istarskiprsut.hr\/en\/product\/istarski-ombolo\/\" >ISTRIAN OMBOLO<\/a><\/li><li><a href=\"https:\/\/istarskiprsut.hr\/en\/product\/istarski-prsut\/\" >ISTRIAN \u201cPR\u0160UT\u201d<\/a><\/li><li><a href=\"https:\/\/istarskiprsut.hr\/en\/product\/kobasica-tartufi\/\" >ISTRIAN SAUSAGE with truffles<\/a><\/li><li><a href=\"https:\/\/istarskiprsut.hr\/en\/product\/kobasica-uganj\/\" >ISTRIAN SAUSAGE UGANJ<\/a><\/li><li><a href=\"https:\/\/istarskiprsut.hr\/en\/product\/istarski-prsut-bez-kosti\/\" >\u201cPR\u0160UT\u201d JELENI\u0106 without bone<\/a><\/li><li><a href=\"https:\/\/istarskiprsut.hr\/en\/product\/istarski-prsut-jelenic\/\" >PR\u0160UT JELENI\u0106<\/a><\/li><li><a href=\"https:\/\/istarskiprsut.hr\/en\/product\/poklon-bon\/\" >JELENI\u0106 GIFT CARD<\/a><\/li><\/ul><\/div><br \/><\/div>[\/vc_column_text][\/vc_column][\/vc_row]<\/p>\n<\/div>","protected":false},"excerpt":{"rendered":"<p>[vc_row][vc_column][vc_custom_heading source=&#8221;post_title&#8221; use_theme_fonts=&#8221;yes&#8221; el_class=&#8221;m-b-md&#8221;][vc_column_text][\/vc_column_text][\/vc_column][\/vc_row]<\/p>\n","protected":false},"author":1,"featured_media":0,"parent":0,"menu_order":0,"comment_status":"closed","ping_status":"closed","template":"","meta":{"inline_featured_image":false,"_monsterinsights_skip_tracking":false,"_monsterinsights_sitenote_active":false,"_monsterinsights_sitenote_note":"","_monsterinsights_sitenote_category":0,"footnotes":""},"class_list":["post-203","page","type-page","status-publish","hentry"],"aioseo_notices":[],"_links":{"self":[{"href":"https:\/\/istarskiprsut.hr\/en\/wp-json\/wp\/v2\/pages\/203","targetHints":{"allow":["GET"]}}],"collection":[{"href":"https:\/\/istarskiprsut.hr\/en\/wp-json\/wp\/v2\/pages"}],"about":[{"href":"https:\/\/istarskiprsut.hr\/en\/wp-json\/wp\/v2\/types\/page"}],"author":[{"embeddable":true,"href":"https:\/\/istarskiprsut.hr\/en\/wp-json\/wp\/v2\/users\/1"}],"replies":[{"embeddable":true,"href":"https:\/\/istarskiprsut.hr\/en\/wp-json\/wp\/v2\/comments?post=203"}],"version-history":[{"count":4,"href":"https:\/\/istarskiprsut.hr\/en\/wp-json\/wp\/v2\/pages\/203\/revisions"}],"predecessor-version":[{"id":3231,"href":"https:\/\/istarskiprsut.hr\/en\/wp-json\/wp\/v2\/pages\/203\/revisions\/3231"}],"wp:attachment":[{"href":"https:\/\/istarskiprsut.hr\/en\/wp-json\/wp\/v2\/media?parent=203"}],"curies":[{"name":"wp","href":"https:\/\/api.w.org\/{rel}","templated":true}]}}