{"id":3887,"date":"2024-06-01T12:21:14","date_gmt":"2024-06-01T12:21:14","guid":{"rendered":"https:\/\/istarskiprsut.hr\/wc-sc-coupons-terms\/"},"modified":"2024-06-18T20:23:41","modified_gmt":"2024-06-18T20:23:41","slug":"wc-sc-coupons-terms","status":"publish","type":"page","link":"https:\/\/istarskiprsut.hr\/it\/wc-sc-coupons-terms\/","title":{"rendered":"Condizioni dei buoni regalo JELENI\u0106"},"content":{"rendered":"<div class=\"wpb-content-wrapper\"><p>[vc_row full_width=&#8221;stretch_row&#8221; wrap_container=&#8221;yes&#8221; css=&#8221;.vc_custom_1630090405658{padding-top: 50px !important;padding-bottom: 20px !important;background-color: #b79956 !important;}&#8221;][vc_column][vc_custom_heading field_dynamic_source=&#8221;post_info&#8221; font_container=&#8221;tag:h4|font_size:44|text_align:left|color:%23ffffff|line_height:1&#8243; google_fonts=&#8221;font_family:Belgrano%3Aregular|font_style:400%20regular%3A400%3Anormal&#8221; css=&#8221;&#8221; enable_field_dynamic=&#8221;true&#8221; el_class=&#8221;mb-3 ls-80&#8243; field_dynamic_content=&#8221;post_title&#8221;][\/vc_column][\/vc_row][vc_row wrap_container=&#8221;yes&#8221; el_class=&#8221;m-t-md&#8221; css=&#8221;.vc_custom_1630090629525{padding-top: 50px !important;padding-bottom: 20px !important;}&#8221;][vc_column][vc_column_text css=&#8221;&#8221;]Si applicano ai buoni regalo fino alla loro scadenza, ma non oltre 90 giorni dall&#8217;acquisto.<\/p>\n<p>&nbsp;<\/p>\n<p><strong>CONDIZIONI GENERALI<\/strong><\/p>\n<p>Le condizioni generali per l&#8217;utilizzo dei buoni regalo sono stabilite dalla societ\u00e0 JELENI\u0106 d.o.o., \u017dminj, Pazinska 2c (di seguito denominata: la Societ\u00e0), che definisce i diritti e gli obblighi della Societ\u00e0 e dei Clienti riguardo all&#8217;uso dei buoni regalo della Societ\u00e0. Queste condizioni generali sono vincolanti per la Societ\u00e0 e per ogni cliente che acquista un buono regalo o che utilizza i buoni regalo per acquistare beni sul sito web della Societ\u00e0 (https:\/\/istarskiprsut.hr\/shop\/).<\/p>\n<p>Con la pubblicazione di queste condizioni generali, ogni cliente accetta che con l&#8217;acquisto del buono regalo accetta le condizioni generali per l&#8217;uso dei buoni regalo.<\/p>\n<p>&nbsp;<\/p>\n<ol>\n<li><strong>GENERALI<\/strong><\/li>\n<\/ol>\n<p>Il buono regalo \u00e8 in formato digitale e viene inviato all&#8217;indirizzo e-mail del cliente o del destinatario.<\/p>\n<p>Il buono regalo consiste in un codice che il cliente inserisce nel campo designato nell&#8217;ultima fase dell&#8217;acquisto dei prodotti dal carrello sul sito di vendita della Societ\u00e0 (https:\/\/istarskiprsut.hr\/shop\/).<\/p>\n<p>La Societ\u00e0 emette i buoni regalo a fronte del pagamento e la Societ\u00e0 \u00e8 obbligata ad accettarli come pagamento per i beni venduti sul proprio sito web (https:\/\/istarskiprsut.hr\/shop\/) in conformit\u00e0 con queste condizioni generali.<\/p>\n<p>&nbsp;<\/p>\n<ol start=\"2\">\n<li><strong>VALORI DEI BUONI REGALO<\/strong><\/li>\n<\/ol>\n<p>Il cliente determina l&#8217;importo del buono regalo. L&#8217;importo minimo del buono regalo per l&#8217;acquisto di beni \u00e8 di \u20ac10,00.<\/p>\n<p>I buoni regalo possono essere acquistati utilizzando carte di debito o di credito, bonifico bancario o PayPal.<\/p>\n<p>&nbsp;<\/p>\n<ol start=\"3\">\n<li><strong>OBBLIGHI DELLA SOCIET\u00c0<\/strong><\/li>\n<\/ol>\n<p>L&#8217;obbligo della Societ\u00e0 in relazione ai buoni regalo sorge quando il cliente paga l&#8217;importo del buono regalo.<\/p>\n<p>Una conferma dell&#8217;acquisto del buono regalo, insieme al buono stesso, viene inviata all&#8217;indirizzo e-mail del cliente, a meno che il cliente non fornisca un altro indirizzo e-mail per l&#8217;invio del buono regalo.<\/p>\n<p>La Societ\u00e0 non \u00e8 responsabile per la perdita del buono regalo e in caso di perdita o scadenza del buono regalo non \u00e8 possibile richiedere il rimborso o qualsiasi altra forma di compensazione.<\/p>\n<p>La Societ\u00e0 non rimborser\u00e0 il titolare del buono regalo per il suo valore.<\/p>\n<p>Se un prodotto acquistato con un buono regalo viene restituito per motivi legali, la Societ\u00e0 sostituir\u00e0 il prodotto per il cliente\/titolare del buono.<\/p>\n<p>La Societ\u00e0 pu\u00f2 rifiutare di adempiere agli obblighi derivanti da un buono regalo se determina che il buono \u00e8 contraffatto.<\/p>\n<p>&nbsp;<\/p>\n<ol start=\"4\">\n<li><strong>DIRITTI DEI TITOLARI DEI BUONI REGALO<\/strong><\/li>\n<\/ol>\n<p>Il periodo di utilizzo del buono regalo \u00e8 di 3 (tre) mesi dalla data di acquisto.<\/p>\n<p>Il buono regalo non \u00e8 nominativo ed \u00e8 quindi trasferibile.<\/p>\n<p>I buoni regalo possono essere acquistati in quantit\u00e0 illimitate.<\/p>\n<p>Il cliente pu\u00f2 utilizzare i buoni regalo per acquistare beni dell&#8217;intero assortimento della Societ\u00e0 senza limitazioni.<\/p>\n<p>Il buono regalo pu\u00f2 essere utilizzato per pagare l&#8217;intero importo del conto o una parte di esso.<\/p>\n<p>Se l&#8217;importo del buono regalo non \u00e8 sufficiente a coprire l&#8217;intero importo del conto, il resto pu\u00f2 essere pagato con qualsiasi altro metodo di pagamento accettato dal punto vendita.<\/p>\n<p>Se il valore dell&#8217;acquisto \u00e8 inferiore al valore del buono regalo, la Societ\u00e0 non restituir\u00e0 la differenza.<\/p>\n<p>Un conto pu\u00f2 essere pagato con un solo buono regalo.<\/p>\n<p>&nbsp;<\/p>\n<ol start=\"5\">\n<li><strong>ALTRE DISPOSIZIONI<\/strong><\/li>\n<\/ol>\n<p>Il cliente del buono regalo accetta queste condizioni generali e le regole per l&#8217;utilizzo del buono regalo il giorno dell&#8217;acquisto del buono regalo.<\/p>\n<p>Le condizioni generali per l&#8217;utilizzo dei buoni regalo sono valide dal giorno della loro adozione e sono pubblicate sul sito web della Societ\u00e0 all&#8217;indirizzo https:\/\/istarskiprsut.hr\/.<\/p>\n<p>La Societ\u00e0 si riserva il diritto di modificare queste condizioni generali o di interrompere la vendita di buoni regalo in qualsiasi momento, con l&#8217;obbligo di consentire ai titolari di utilizzarli fino alla loro scadenza.<\/p>\n<p>Tutte le controversie relative a queste condizioni e alla loro validit\u00e0 saranno risolte amichevolmente dalle parti contraenti e, se ci\u00f2 non \u00e8 possibile, viene concordata la competenza del tribunale competente.<\/p>\n<p>Le condizioni generali entrano in vigore e si applicano dal giorno della loro adozione.<\/p>\n<p>A \u017dminj, il 14.06.2024.<\/p>\n<p>JELENI\u0106 d.o.o.<\/p>\n<p>\u017dminj, Pazinska 2c<\/p>\n<p>[\/vc_column_text][vc_separator color=&#8221;custom&#8221; accent_color=&#8221;#e7e7e7&#8243; el_class=&#8221;mt-5 m-b-xlg pb-2&#8243;][\/vc_column][\/vc_row]<\/p>\n<\/div>","protected":false},"excerpt":{"rendered":"<p>[vc_row full_width=&#8221;stretch_row&#8221; wrap_container=&#8221;yes&#8221; css=&#8221;.vc_custom_1630090405658{padding-top: 50px !important;padding-bottom: 20px !important;background-color: #b79956 !important;}&#8221;][vc_column][vc_custom_heading field_dynamic_source=&#8221;post_info&#8221; font_container=&#8221;tag:h4|font_size:44|text_align:left|color:%23ffffff|line_height:1&#8243; google_fonts=&#8221;font_family:Belgrano%3Aregular|font_style:400%20regular%3A400%3Anormal&#8221; css=&#8221;&#8221; enable_field_dynamic=&#8221;true&#8221; el_class=&#8221;mb-3 ls-80&#8243; field_dynamic_content=&#8221;post_title&#8221;][\/vc_column][\/vc_row][vc_row wrap_container=&#8221;yes&#8221; el_class=&#8221;m-t-md&#8221; css=&#8221;.vc_custom_1630090629525{padding-top: 50px !important;padding-bottom: 20px !important;}&#8221;][vc_column][vc_column_text css=&#8221;&#8221;]Si applicano ai buoni regalo fino alla loro scadenza, ma non oltre 90 giorni dall&#8217;acquisto. &nbsp; CONDIZIONI GENERALI Le condizioni generali per l&#8217;utilizzo dei buoni regalo sono stabilite dalla societ\u00e0 [&hellip;]<\/p>\n","protected":false},"author":1,"featured_media":0,"parent":0,"menu_order":0,"comment_status":"closed","ping_status":"closed","template":"","meta":{"inline_featured_image":false,"_monsterinsights_skip_tracking":false,"_monsterinsights_sitenote_active":false,"_monsterinsights_sitenote_note":"","_monsterinsights_sitenote_category":0,"footnotes":""},"class_list":["post-3887","page","type-page","status-publish","hentry"],"aioseo_notices":[],"_links":{"self":[{"href":"https:\/\/istarskiprsut.hr\/it\/wp-json\/wp\/v2\/pages\/3887","targetHints":{"allow":["GET"]}}],"collection":[{"href":"https:\/\/istarskiprsut.hr\/it\/wp-json\/wp\/v2\/pages"}],"about":[{"href":"https:\/\/istarskiprsut.hr\/it\/wp-json\/wp\/v2\/types\/page"}],"author":[{"embeddable":true,"href":"https:\/\/istarskiprsut.hr\/it\/wp-json\/wp\/v2\/users\/1"}],"replies":[{"embeddable":true,"href":"https:\/\/istarskiprsut.hr\/it\/wp-json\/wp\/v2\/comments?post=3887"}],"version-history":[{"count":6,"href":"https:\/\/istarskiprsut.hr\/it\/wp-json\/wp\/v2\/pages\/3887\/revisions"}],"predecessor-version":[{"id":3920,"href":"https:\/\/istarskiprsut.hr\/it\/wp-json\/wp\/v2\/pages\/3887\/revisions\/3920"}],"wp:attachment":[{"href":"https:\/\/istarskiprsut.hr\/it\/wp-json\/wp\/v2\/media?parent=3887"}],"curies":[{"name":"wp","href":"https:\/\/api.w.org\/{rel}","templated":true}]}}