{"id":2776,"date":"2021-09-09T18:00:17","date_gmt":"2021-09-09T18:00:17","guid":{"rendered":"https:\/\/prsutana-jelenic.hr\/?post_type=product&#038;p=2776"},"modified":"2025-12-24T19:01:29","modified_gmt":"2025-12-24T19:01:29","slug":"istarski-prsut-jelenic","status":"publish","type":"product","link":"https:\/\/istarskiprsut.hr\/it\/product\/istarski-prsut-jelenic\/","title":{"rendered":"PR\u0160UT JELENI\u0106"},"content":{"rendered":"","protected":false},"excerpt":{"rendered":"<p>Pr\u0161ut Jeleni\u0107 trajni je suhomesnati proizvod dobiven od posebno birane pasmine te\u0161kih<br \/>\nSvinja. Ima poseban oblik, poput violine, te se kod obrade skida ko\u017ea, a ostavlja zdjeli\u010dna kost.<br \/>\nSoli se ru\u010dno morskom soli uz dodatak papra i \u010de\u0161njaka te malo lovorova lista. Nakon<br \/>\nsoljenja i odle\u017eavanja stavlja se su\u0161iti na suh zrak bez dima najmanje 12 mjeseci.<br \/>\nU fazi su\u0161enja pr\u0161ut prekrije plemenita plijesan, \u0161to mu daje specifi\u010dan okus i miris.<\/p>\n<h4><strong>Prezzo: 26,50 EUR\/kg<\/strong><\/h4>\n<p>Richiedi un&#8217;offerta. <a href=\"https:\/\/istarskiprsut.hr\/kontakt\/\">Contattateci.<\/a><\/p>\n","protected":false},"featured_media":2579,"template":"","meta":{"inline_featured_image":false,"_monsterinsights_skip_tracking":false,"_monsterinsights_sitenote_active":false,"_monsterinsights_sitenote_note":"","_monsterinsights_sitenote_category":0},"product_brand":[],"product_cat":[15,146],"product_tag":[],"class_list":{"0":"post-2776","1":"product","2":"type-product","3":"status-publish","4":"has-post-thumbnail","6":"product_cat-jelenic","7":"product_cat-prsut","9":"first","10":"instock","11":"featured","12":"taxable","13":"shipping-taxable","14":"purchasable","15":"product-type-simple"},"aioseo_notices":[],"_links":{"self":[{"href":"https:\/\/istarskiprsut.hr\/it\/wp-json\/wp\/v2\/product\/2776","targetHints":{"allow":["GET"]}}],"collection":[{"href":"https:\/\/istarskiprsut.hr\/it\/wp-json\/wp\/v2\/product"}],"about":[{"href":"https:\/\/istarskiprsut.hr\/it\/wp-json\/wp\/v2\/types\/product"}],"wp:featuredmedia":[{"embeddable":true,"href":"https:\/\/istarskiprsut.hr\/it\/wp-json\/wp\/v2\/media\/2579"}],"wp:attachment":[{"href":"https:\/\/istarskiprsut.hr\/it\/wp-json\/wp\/v2\/media?parent=2776"}],"wp:term":[{"taxonomy":"product_brand","embeddable":true,"href":"https:\/\/istarskiprsut.hr\/it\/wp-json\/wp\/v2\/product_brand?post=2776"},{"taxonomy":"product_cat","embeddable":true,"href":"https:\/\/istarskiprsut.hr\/it\/wp-json\/wp\/v2\/product_cat?post=2776"},{"taxonomy":"product_tag","embeddable":true,"href":"https:\/\/istarskiprsut.hr\/it\/wp-json\/wp\/v2\/product_tag?post=2776"}],"curies":[{"name":"wp","href":"https:\/\/api.w.org\/{rel}","templated":true}]}}