{"id":3892,"date":"2024-06-08T10:28:05","date_gmt":"2024-06-08T10:28:05","guid":{"rendered":"https:\/\/istarskiprsut.hr\/?post_type=product&#038;p=3892"},"modified":"2024-06-15T12:39:32","modified_gmt":"2024-06-15T12:39:32","slug":"poklon-bon","status":"publish","type":"product","link":"https:\/\/istarskiprsut.hr\/it\/product\/poklon-bon\/","title":{"rendered":"JELENI\u0106 GIFT CARD"},"content":{"rendered":"","protected":false},"excerpt":{"rendered":"<p>Jeleni\u0107 buono regalo \u00e8 la scelta perfetta per una persona cara. Scegliete e inserite l&#8217;importo desiderato, e il destinatario pu\u00f2 utilizzarlo per un futuro ordine. L&#8217;importo minimo del buono regalo \u00e8 di 10,00 \u20ac. Il buono regalo viene inviato via e-mail con istruzioni semplici per l&#8217;uso. Avete scelto il regalo ideale!<\/p>\n","protected":false},"featured_media":3893,"template":"","meta":{"inline_featured_image":false,"_monsterinsights_skip_tracking":false,"_monsterinsights_sitenote_active":false,"_monsterinsights_sitenote_note":"","_monsterinsights_sitenote_category":0},"product_brand":[],"product_cat":[15],"product_tag":[],"class_list":{"0":"post-3892","1":"product","2":"type-product","3":"status-publish","4":"has-post-thumbnail","6":"product_cat-jelenic","8":"first","9":"instock","10":"virtual","11":"taxable","12":"purchasable","13":"product-type-simple"},"aioseo_notices":[],"_links":{"self":[{"href":"https:\/\/istarskiprsut.hr\/it\/wp-json\/wp\/v2\/product\/3892","targetHints":{"allow":["GET"]}}],"collection":[{"href":"https:\/\/istarskiprsut.hr\/it\/wp-json\/wp\/v2\/product"}],"about":[{"href":"https:\/\/istarskiprsut.hr\/it\/wp-json\/wp\/v2\/types\/product"}],"wp:featuredmedia":[{"embeddable":true,"href":"https:\/\/istarskiprsut.hr\/it\/wp-json\/wp\/v2\/media\/3893"}],"wp:attachment":[{"href":"https:\/\/istarskiprsut.hr\/it\/wp-json\/wp\/v2\/media?parent=3892"}],"wp:term":[{"taxonomy":"product_brand","embeddable":true,"href":"https:\/\/istarskiprsut.hr\/it\/wp-json\/wp\/v2\/product_brand?post=3892"},{"taxonomy":"product_cat","embeddable":true,"href":"https:\/\/istarskiprsut.hr\/it\/wp-json\/wp\/v2\/product_cat?post=3892"},{"taxonomy":"product_tag","embeddable":true,"href":"https:\/\/istarskiprsut.hr\/it\/wp-json\/wp\/v2\/product_tag?post=3892"}],"curies":[{"name":"wp","href":"https:\/\/api.w.org\/{rel}","templated":true}]}}